{"id":110566,"date":"2022-07-28T08:56:17","date_gmt":"2022-07-28T08:56:17","guid":{"rendered":"https:\/\/tecaire.com\/servicio-de-asistencia-tecnica\/"},"modified":"2023-01-27T12:27:24","modified_gmt":"2023-01-27T12:27:24","slug":"service-assistance-technique","status":"publish","type":"page","link":"https:\/\/tecaire.com\/fr\/service-assistance-technique\/","title":{"rendered":"Service d&rsquo;Assistance Technique"},"content":{"rendered":"<div class=\"wpb-content-wrapper\"><p>[vc_row row_height_percent=\u00a0\u00bb0&Prime; override_padding=\u00a0\u00bbyes\u00a0\u00bb h_padding=\u00a0\u00bb5&Prime; top_padding=\u00a0\u00bb0&Prime; bottom_padding=\u00a0\u00bb0&Prime; back_color=\u00a0\u00bbcolor-xsdn\u00a0\u00bb back_image=\u00a0\u00bb109552&Prime; back_position=\u00a0\u00bbcenter center\u00a0\u00bb overlay_alpha=\u00a0\u00bb50&Prime; gutter_size=\u00a0\u00bb0&Prime; column_width_percent=\u00a0\u00bb100&Prime; shift_y=\u00a0\u00bb0&Prime; z_index=\u00a0\u00bb0&Prime; top_divider=\u00a0\u00bbstep_1_2&Prime; uncode_shortcode_id=\u00a0\u00bb144345&Prime; back_color_type=\u00a0\u00bbuncode-palette\u00a0\u00bb back_size=\u00a0\u00bbcover\u00a0\u00bb][vc_column column_width_percent=\u00a0\u00bb100&Prime; position_vertical=\u00a0\u00bbmiddle\u00a0\u00bb gutter_size=\u00a0\u00bb3&Prime; overlay_alpha=\u00a0\u00bb50&Prime; shift_x=\u00a0\u00bb0&Prime; shift_y=\u00a0\u00bb0&Prime; shift_y_down=\u00a0\u00bb0&Prime; z_index=\u00a0\u00bb0&Prime; medium_width=\u00a0\u00bb0&Prime; mobile_width=\u00a0\u00bb0&Prime; width=\u00a0\u00bb1\/1&Prime;][vc_row_inner row_inner_height_percent=\u00a0\u00bb0&Prime; overlay_alpha=\u00a0\u00bb50&Prime; gutter_size=\u00a0\u00bb3&Prime; shift_y=\u00a0\u00bb0&Prime; z_index=\u00a0\u00bb0&Prime;][vc_column_inner column_width_percent=\u00a0\u00bb100&Prime; gutter_size=\u00a0\u00bb3&Prime; overlay_alpha=\u00a0\u00bb50&Prime; shift_x=\u00a0\u00bb0&Prime; shift_y=\u00a0\u00bb0&Prime; shift_y_down=\u00a0\u00bb0&Prime; z_index=\u00a0\u00bb0&Prime; medium_width=\u00a0\u00bb0&Prime; mobile_width=\u00a0\u00bb0&Prime; width=\u00a0\u00bb8\/12&Prime; uncode_shortcode_id=\u00a0\u00bb141248&Prime;][vc_empty_space empty_h=\u00a0\u00bb5&Prime;][vc_single_image media=\u00a0\u00bb110021&Prime; media_width_percent=\u00a0\u00bb100&Prime; media_ratio=\u00a0\u00bbtwentyone-nine\u00a0\u00bb shape=\u00a0\u00bbimg-round\u00a0\u00bb radius=\u00a0\u00bbstd\u00a0\u00bb uncode_shortcode_id=\u00a0\u00bb603777&Prime;][vc_custom_heading auto_text=\u00a0\u00bbyes\u00a0\u00bb text_color=\u00a0\u00bbcolor-210407&Prime; text_size=\u00a0\u00bbh1&Prime; sub_lead=\u00a0\u00bbyes\u00a0\u00bb css_animation=\u00a0\u00bbcurtain\u00a0\u00bb animation_delay=\u00a0\u00bb200&Prime; interval_animation=\u00a0\u00bb200&Prime; text_align=\u00a0\u00bbtext-left\u00a0\u00bb text_serif=\u00a0\u00bbyes\u00a0\u00bb uncode_shortcode_id=\u00a0\u00bb552641&Prime; text_color_type=\u00a0\u00bbuncode-palette\u00a0\u00bb]Ing\u00e9nierie et conception[\/vc_custom_heading][\/vc_column_inner][vc_column_inner column_width_percent=\u00a0\u00bb100&Prime; gutter_size=\u00a0\u00bb3&Prime; overlay_alpha=\u00a0\u00bb50&Prime; shift_x=\u00a0\u00bb0&Prime; shift_y=\u00a0\u00bb0&Prime; shift_y_down=\u00a0\u00bb0&Prime; z_index=\u00a0\u00bb0&Prime; medium_width=\u00a0\u00bb0&Prime; mobile_width=\u00a0\u00bb0&Prime; width=\u00a0\u00bb4\/12&Prime;][\/vc_column_inner][\/vc_row_inner][\/vc_column][\/vc_row][vc_row row_height_percent=\u00a0\u00bb0&Prime; override_padding=\u00a0\u00bbyes\u00a0\u00bb h_padding=\u00a0\u00bb2&Prime; top_padding=\u00a0\u00bb0&Prime; bottom_padding=\u00a0\u00bb0&Prime; overlay_alpha=\u00a0\u00bb100&Prime; gutter_size=\u00a0\u00bb3&Prime; column_width_percent=\u00a0\u00bb100&Prime; shift_y=\u00a0\u00bb0&Prime; z_index=\u00a0\u00bb0&Prime; row_height_use_pixel=\u00a0\u00bb\u00a0\u00bb uncode_shortcode_id=\u00a0\u00bb498976&Prime; shape_dividers=\u00a0\u00bb\u00a0\u00bb el_class=\u00a0\u00bbasesoramiento-list\u00a0\u00bb][vc_column column_width_percent=\u00a0\u00bb100&Prime; gutter_size=\u00a0\u00bb3&Prime; override_padding=\u00a0\u00bbyes\u00a0\u00bb column_padding=\u00a0\u00bb2&Prime; overlay_alpha=\u00a0\u00bb50&Prime; shift_x=\u00a0\u00bb0&Prime; shift_y=\u00a0\u00bb0&Prime; shift_y_down=\u00a0\u00bb0&Prime; z_index=\u00a0\u00bb0&Prime; medium_width=\u00a0\u00bb0&Prime; mobile_width=\u00a0\u00bb0&Prime; zoom_width=\u00a0\u00bb0&Prime; zoom_height=\u00a0\u00bb0&Prime; uncode_shortcode_id=\u00a0\u00bb454717&Prime;][vc_column_text uncode_shortcode_id=\u00a0\u00bb576566&Prime;]Nous offrons un <strong>service d&rsquo;assistance technique efficace et global<\/strong> aux clients lors de l&rsquo;installation et de la mise en service des machines, y compris la r\u00e9solution des probl\u00e8mes, ainsi que les incidents futurs pouvant survenir pour optimiser la productivit\u00e9 et r\u00e9duire les temps d&rsquo;arr\u00eat dans les installations industrielles. . Adem\u00e1s, se incluyen los <strong>servicios de recambios y garant\u00edas.<\/strong>[\/vc_column_text][uncode_list icon=\u00a0\u00bbfa fa-arrow-right3&Prime; icon_color=\u00a0\u00bbcolor-482803&Prime; uncode_shortcode_id=\u00a0\u00bb427434&Prime; icon_color_type=\u00a0\u00bbuncode-palette\u00a0\u00bb]<\/p>\n<ul>\n<li>Le stock de pi\u00e8ces de rechange de pi\u00e8ces standard et de pi\u00e8ces express\u00e9ment con\u00e7ues est garanti. Les interventions techniques et la disponibilit\u00e9 des pi\u00e8ces sont pratiquement imm\u00e9diates. Les demandes des clients sont r\u00e9pondues dans les premi\u00e8res 24 heures et r\u00e9solues dans les premi\u00e8res 72 heures.<\/li>\n<li>Les demandes des clients sont r\u00e9pondues dans les premi\u00e8res 24 heures et r\u00e9solues dans les premi\u00e8res 72 heures.<\/li>\n<li>La disponibilit\u00e9 pendant les 25 premi\u00e8res ann\u00e9es de toute pi\u00e8ce faisant partie des installations d\u2019\u00e9quipement est garantie.<\/li>\n<li>L\u2019assistance technique en cas de maintenance et de r\u00e9vision de l\u2019\u00e9quipement est effectu\u00e9e par notre propre personnel, \u00e9ventuellement gr\u00e2ce \u00e0 l\u2019aide de techniciens locaux agr\u00e9\u00e9s.<\/li>\n<li>90 % des pi\u00e8ces de rechange sont standardis\u00e9es, ce qui signifie qu\u2019elles peuvent \u00eatre fournies localement, ce qui r\u00e9duit consid\u00e9rablement les temps d\u2019arr\u00eat et les interventions, ainsi que les co\u00fbts.<\/li>\n<li>Les interventions techniques peuvent \u00eatre programm\u00e9es pour avoir lieu pr\u00e8s de 365 jours par an.<\/li>\n<li>Tous les \u00e9quipements sont couverts par une garantie pour les deux premi\u00e8res ann\u00e9es de service.<\/li>\n<\/ul>\n<p>[\/uncode_list][\/vc_column][\/vc_row]<\/p>\n<\/div>","protected":false},"excerpt":{"rendered":"<p>[vc_row row_height_percent=\u00a0\u00bb0&Prime; override_padding=\u00a0\u00bbyes\u00a0\u00bb h_padding=\u00a0\u00bb5&Prime; top_padding=\u00a0\u00bb0&Prime; bottom_padding=\u00a0\u00bb0&Prime; back_color=\u00a0\u00bbcolor-xsdn\u00a0\u00bb back_image=\u00a0\u00bb109552&Prime; back_position=\u00a0\u00bbcenter center\u00a0\u00bb overlay_alpha=\u00a0\u00bb50&Prime; gutter_size=\u00a0\u00bb0&Prime; column_width_percent=\u00a0\u00bb100&Prime; shift_y=\u00a0\u00bb0&Prime; z_index=\u00a0\u00bb0&Prime; top_divider=\u00a0\u00bbstep_1_2&Prime; uncode_shortcode_id=\u00a0\u00bb144345&Prime; back_color_type=\u00a0\u00bbuncode-palette\u00a0\u00bb back_size=\u00a0\u00bbcover\u00a0\u00bb][vc_column column_width_percent=\u00a0\u00bb100&Prime; [&hellip;]<\/p>\n","protected":false},"author":1,"featured_media":110283,"parent":0,"menu_order":0,"comment_status":"closed","ping_status":"closed","template":"","meta":{"footnotes":""},"class_list":["post-110566","page","type-page","status-publish","has-post-thumbnail","hentry","page_category-services-fr"],"yoast_head":"<!-- This site is optimized with the Yoast SEO plugin v27.3 - https:\/\/yoast.com\/product\/yoast-seo-wordpress\/ -->\n<title>TecAIRE | Service d&#039;Assistance Technique<\/title>\n<meta name=\"description\" content=\"Fabrication de torr\u00e9facteurs et de moulins \u00e0 caf\u00e9, de torr\u00e9facteurs de cacao, de machines pour les processus de s\u00e9chage et de broyage et d&#039;installations compl\u00e8tes.\" \/>\n<meta name=\"robots\" content=\"index, follow, max-snippet:-1, max-image-preview:large, max-video-preview:-1\" \/>\n<link rel=\"canonical\" href=\"https:\/\/tecaire.com\/fr\/service-assistance-technique\/\" \/>\n<meta property=\"og:locale\" content=\"fr_FR\" \/>\n<meta property=\"og:type\" content=\"article\" \/>\n<meta property=\"og:title\" content=\"TecAIRE | Service d&#039;Assistance Technique\" \/>\n<meta property=\"og:description\" content=\"Fabrication de torr\u00e9facteurs et de moulins \u00e0 caf\u00e9, de torr\u00e9facteurs de cacao, de machines pour les processus de s\u00e9chage et de broyage et d&#039;installations compl\u00e8tes.\" \/>\n<meta property=\"og:url\" content=\"https:\/\/tecaire.com\/fr\/service-assistance-technique\/\" \/>\n<meta property=\"og:site_name\" content=\"TecAIRE\" \/>\n<meta property=\"article:modified_time\" content=\"2023-01-27T12:27:24+00:00\" \/>\n<meta property=\"og:image\" content=\"https:\/\/tecaire.com\/wp-content\/uploads\/2022\/07\/tecaire-servicios-postventa.jpg\" \/>\n\t<meta property=\"og:image:width\" content=\"1000\" \/>\n\t<meta property=\"og:image:height\" content=\"667\" \/>\n\t<meta property=\"og:image:type\" content=\"image\/jpeg\" \/>\n<meta name=\"twitter:card\" content=\"summary_large_image\" \/>\n<meta name=\"twitter:label1\" content=\"Dur\u00e9e de lecture estim\u00e9e\" \/>\n\t<meta name=\"twitter:data1\" content=\"2 minutes\" \/>\n<script type=\"application\/ld+json\" class=\"yoast-schema-graph\">{\"@context\":\"https:\\\/\\\/schema.org\",\"@graph\":[{\"@type\":\"WebPage\",\"@id\":\"https:\\\/\\\/tecaire.com\\\/fr\\\/service-assistance-technique\\\/\",\"url\":\"https:\\\/\\\/tecaire.com\\\/fr\\\/service-assistance-technique\\\/\",\"name\":\"TecAIRE | Service d'Assistance Technique\",\"isPartOf\":{\"@id\":\"https:\\\/\\\/tecaire.com\\\/fr\\\/#website\"},\"primaryImageOfPage\":{\"@id\":\"https:\\\/\\\/tecaire.com\\\/fr\\\/service-assistance-technique\\\/#primaryimage\"},\"image\":{\"@id\":\"https:\\\/\\\/tecaire.com\\\/fr\\\/service-assistance-technique\\\/#primaryimage\"},\"thumbnailUrl\":\"https:\\\/\\\/tecaire.com\\\/wp-content\\\/uploads\\\/2022\\\/07\\\/tecaire-servicios-postventa.jpg\",\"datePublished\":\"2022-07-28T08:56:17+00:00\",\"dateModified\":\"2023-01-27T12:27:24+00:00\",\"description\":\"Fabrication de torr\u00e9facteurs et de moulins \u00e0 caf\u00e9, de torr\u00e9facteurs de cacao, de machines pour les processus de s\u00e9chage et de broyage et d'installations compl\u00e8tes.\",\"breadcrumb\":{\"@id\":\"https:\\\/\\\/tecaire.com\\\/fr\\\/service-assistance-technique\\\/#breadcrumb\"},\"inLanguage\":\"fr-FR\",\"potentialAction\":[{\"@type\":\"ReadAction\",\"target\":[\"https:\\\/\\\/tecaire.com\\\/fr\\\/service-assistance-technique\\\/\"]}]},{\"@type\":\"ImageObject\",\"inLanguage\":\"fr-FR\",\"@id\":\"https:\\\/\\\/tecaire.com\\\/fr\\\/service-assistance-technique\\\/#primaryimage\",\"url\":\"https:\\\/\\\/tecaire.com\\\/wp-content\\\/uploads\\\/2022\\\/07\\\/tecaire-servicios-postventa.jpg\",\"contentUrl\":\"https:\\\/\\\/tecaire.com\\\/wp-content\\\/uploads\\\/2022\\\/07\\\/tecaire-servicios-postventa.jpg\",\"width\":1000,\"height\":667,\"caption\":\"servicio asistencia t\u00e9cnica tecaire\"},{\"@type\":\"BreadcrumbList\",\"@id\":\"https:\\\/\\\/tecaire.com\\\/fr\\\/service-assistance-technique\\\/#breadcrumb\",\"itemListElement\":[{\"@type\":\"ListItem\",\"position\":1,\"name\":\"Portada\",\"item\":\"https:\\\/\\\/tecaire.com\\\/fr\\\/\"},{\"@type\":\"ListItem\",\"position\":2,\"name\":\"Service d&#8217;Assistance Technique\"}]},{\"@type\":\"WebSite\",\"@id\":\"https:\\\/\\\/tecaire.com\\\/fr\\\/#website\",\"url\":\"https:\\\/\\\/tecaire.com\\\/fr\\\/\",\"name\":\"TecAIRE\",\"description\":\"Processing Specialist for Coffee and Coccoa\",\"publisher\":{\"@id\":\"https:\\\/\\\/tecaire.com\\\/fr\\\/#organization\"},\"potentialAction\":[{\"@type\":\"SearchAction\",\"target\":{\"@type\":\"EntryPoint\",\"urlTemplate\":\"https:\\\/\\\/tecaire.com\\\/fr\\\/?s={search_term_string}\"},\"query-input\":{\"@type\":\"PropertyValueSpecification\",\"valueRequired\":true,\"valueName\":\"search_term_string\"}}],\"inLanguage\":\"fr-FR\"},{\"@type\":\"Organization\",\"@id\":\"https:\\\/\\\/tecaire.com\\\/fr\\\/#organization\",\"name\":\"Neocaf\u00e9 Engineering S.L.\",\"url\":\"https:\\\/\\\/tecaire.com\\\/fr\\\/\",\"logo\":{\"@type\":\"ImageObject\",\"inLanguage\":\"fr-FR\",\"@id\":\"https:\\\/\\\/tecaire.com\\\/fr\\\/#\\\/schema\\\/logo\\\/image\\\/\",\"url\":\"https:\\\/\\\/tecaire.com\\\/wp-content\\\/uploads\\\/2022\\\/06\\\/tecaire-logo-sticky.svg\",\"contentUrl\":\"https:\\\/\\\/tecaire.com\\\/wp-content\\\/uploads\\\/2022\\\/06\\\/tecaire-logo-sticky.svg\",\"width\":164043457,\"height\":4600004883,\"caption\":\"Neocaf\u00e9 Engineering S.L.\"},\"image\":{\"@id\":\"https:\\\/\\\/tecaire.com\\\/fr\\\/#\\\/schema\\\/logo\\\/image\\\/\"},\"sameAs\":[\"https:\\\/\\\/www.linkedin.com\\\/company\\\/www.tecaire.com\\\/\"]}]}<\/script>\n<!-- \/ Yoast SEO plugin. -->","yoast_head_json":{"title":"TecAIRE | Service d'Assistance Technique","description":"Fabrication de torr\u00e9facteurs et de moulins \u00e0 caf\u00e9, de torr\u00e9facteurs de cacao, de machines pour les processus de s\u00e9chage et de broyage et d'installations compl\u00e8tes.","robots":{"index":"index","follow":"follow","max-snippet":"max-snippet:-1","max-image-preview":"max-image-preview:large","max-video-preview":"max-video-preview:-1"},"canonical":"https:\/\/tecaire.com\/fr\/service-assistance-technique\/","og_locale":"fr_FR","og_type":"article","og_title":"TecAIRE | Service d'Assistance Technique","og_description":"Fabrication de torr\u00e9facteurs et de moulins \u00e0 caf\u00e9, de torr\u00e9facteurs de cacao, de machines pour les processus de s\u00e9chage et de broyage et d'installations compl\u00e8tes.","og_url":"https:\/\/tecaire.com\/fr\/service-assistance-technique\/","og_site_name":"TecAIRE","article_modified_time":"2023-01-27T12:27:24+00:00","og_image":[{"width":1000,"height":667,"url":"https:\/\/tecaire.com\/wp-content\/uploads\/2022\/07\/tecaire-servicios-postventa.jpg","type":"image\/jpeg"}],"twitter_card":"summary_large_image","twitter_misc":{"Dur\u00e9e de lecture estim\u00e9e":"2 minutes"},"schema":{"@context":"https:\/\/schema.org","@graph":[{"@type":"WebPage","@id":"https:\/\/tecaire.com\/fr\/service-assistance-technique\/","url":"https:\/\/tecaire.com\/fr\/service-assistance-technique\/","name":"TecAIRE | Service d'Assistance Technique","isPartOf":{"@id":"https:\/\/tecaire.com\/fr\/#website"},"primaryImageOfPage":{"@id":"https:\/\/tecaire.com\/fr\/service-assistance-technique\/#primaryimage"},"image":{"@id":"https:\/\/tecaire.com\/fr\/service-assistance-technique\/#primaryimage"},"thumbnailUrl":"https:\/\/tecaire.com\/wp-content\/uploads\/2022\/07\/tecaire-servicios-postventa.jpg","datePublished":"2022-07-28T08:56:17+00:00","dateModified":"2023-01-27T12:27:24+00:00","description":"Fabrication de torr\u00e9facteurs et de moulins \u00e0 caf\u00e9, de torr\u00e9facteurs de cacao, de machines pour les processus de s\u00e9chage et de broyage et d'installations compl\u00e8tes.","breadcrumb":{"@id":"https:\/\/tecaire.com\/fr\/service-assistance-technique\/#breadcrumb"},"inLanguage":"fr-FR","potentialAction":[{"@type":"ReadAction","target":["https:\/\/tecaire.com\/fr\/service-assistance-technique\/"]}]},{"@type":"ImageObject","inLanguage":"fr-FR","@id":"https:\/\/tecaire.com\/fr\/service-assistance-technique\/#primaryimage","url":"https:\/\/tecaire.com\/wp-content\/uploads\/2022\/07\/tecaire-servicios-postventa.jpg","contentUrl":"https:\/\/tecaire.com\/wp-content\/uploads\/2022\/07\/tecaire-servicios-postventa.jpg","width":1000,"height":667,"caption":"servicio asistencia t\u00e9cnica tecaire"},{"@type":"BreadcrumbList","@id":"https:\/\/tecaire.com\/fr\/service-assistance-technique\/#breadcrumb","itemListElement":[{"@type":"ListItem","position":1,"name":"Portada","item":"https:\/\/tecaire.com\/fr\/"},{"@type":"ListItem","position":2,"name":"Service d&#8217;Assistance Technique"}]},{"@type":"WebSite","@id":"https:\/\/tecaire.com\/fr\/#website","url":"https:\/\/tecaire.com\/fr\/","name":"TecAIRE","description":"Processing Specialist for Coffee and Coccoa","publisher":{"@id":"https:\/\/tecaire.com\/fr\/#organization"},"potentialAction":[{"@type":"SearchAction","target":{"@type":"EntryPoint","urlTemplate":"https:\/\/tecaire.com\/fr\/?s={search_term_string}"},"query-input":{"@type":"PropertyValueSpecification","valueRequired":true,"valueName":"search_term_string"}}],"inLanguage":"fr-FR"},{"@type":"Organization","@id":"https:\/\/tecaire.com\/fr\/#organization","name":"Neocaf\u00e9 Engineering S.L.","url":"https:\/\/tecaire.com\/fr\/","logo":{"@type":"ImageObject","inLanguage":"fr-FR","@id":"https:\/\/tecaire.com\/fr\/#\/schema\/logo\/image\/","url":"https:\/\/tecaire.com\/wp-content\/uploads\/2022\/06\/tecaire-logo-sticky.svg","contentUrl":"https:\/\/tecaire.com\/wp-content\/uploads\/2022\/06\/tecaire-logo-sticky.svg","width":164043457,"height":4600004883,"caption":"Neocaf\u00e9 Engineering S.L."},"image":{"@id":"https:\/\/tecaire.com\/fr\/#\/schema\/logo\/image\/"},"sameAs":["https:\/\/www.linkedin.com\/company\/www.tecaire.com\/"]}]}},"_links":{"self":[{"href":"https:\/\/tecaire.com\/fr\/wp-json\/wp\/v2\/pages\/110566","targetHints":{"allow":["GET"]}}],"collection":[{"href":"https:\/\/tecaire.com\/fr\/wp-json\/wp\/v2\/pages"}],"about":[{"href":"https:\/\/tecaire.com\/fr\/wp-json\/wp\/v2\/types\/page"}],"author":[{"embeddable":true,"href":"https:\/\/tecaire.com\/fr\/wp-json\/wp\/v2\/users\/1"}],"replies":[{"embeddable":true,"href":"https:\/\/tecaire.com\/fr\/wp-json\/wp\/v2\/comments?post=110566"}],"version-history":[{"count":18,"href":"https:\/\/tecaire.com\/fr\/wp-json\/wp\/v2\/pages\/110566\/revisions"}],"predecessor-version":[{"id":111318,"href":"https:\/\/tecaire.com\/fr\/wp-json\/wp\/v2\/pages\/110566\/revisions\/111318"}],"wp:featuredmedia":[{"embeddable":true,"href":"https:\/\/tecaire.com\/fr\/wp-json\/wp\/v2\/media\/110283"}],"wp:attachment":[{"href":"https:\/\/tecaire.com\/fr\/wp-json\/wp\/v2\/media?parent=110566"}],"curies":[{"name":"wp","href":"https:\/\/api.w.org\/{rel}","templated":true}]}}