{"id":110496,"date":"2022-07-27T09:01:07","date_gmt":"2022-07-27T09:01:07","guid":{"rendered":"https:\/\/tecaire.com\/services\/"},"modified":"2023-02-10T12:37:18","modified_gmt":"2023-02-10T12:37:18","slug":"services","status":"publish","type":"page","link":"https:\/\/tecaire.com\/fr\/services\/","title":{"rendered":"Prestations de service"},"content":{"rendered":"<div class=\"wpb-content-wrapper\"><p>[vc_row row_height_percent=\u00a0\u00bb0&Prime; override_padding=\u00a0\u00bbyes\u00a0\u00bb h_padding=\u00a0\u00bb5&Prime; top_padding=\u00a0\u00bb5&Prime; bottom_padding=\u00a0\u00bb3&Prime; back_color=\u00a0\u00bbcolor-xsdn\u00a0\u00bb back_image=\u00a0\u00bb109552&Prime; back_position=\u00a0\u00bbcenter center\u00a0\u00bb overlay_alpha=\u00a0\u00bb50&Prime; gutter_size=\u00a0\u00bb0&Prime; column_width_percent=\u00a0\u00bb100&Prime; shift_y=\u00a0\u00bb0&Prime; z_index=\u00a0\u00bb0&Prime; top_divider=\u00a0\u00bbstep_1_2&Prime; uncode_shortcode_id=\u00a0\u00bb538206&Prime; back_color_type=\u00a0\u00bbuncode-palette\u00a0\u00bb back_size=\u00a0\u00bbcover\u00a0\u00bb][vc_column column_width_percent=\u00a0\u00bb100&Prime; position_vertical=\u00a0\u00bbmiddle\u00a0\u00bb gutter_size=\u00a0\u00bb3&Prime; overlay_alpha=\u00a0\u00bb50&Prime; shift_x=\u00a0\u00bb0&Prime; shift_y=\u00a0\u00bb0&Prime; shift_y_down=\u00a0\u00bb0&Prime; z_index=\u00a0\u00bb0&Prime; medium_width=\u00a0\u00bb0&Prime; mobile_width=\u00a0\u00bb0&Prime; width=\u00a0\u00bb1\/1&Prime;][vc_row_inner row_inner_height_percent=\u00a0\u00bb0&Prime; overlay_alpha=\u00a0\u00bb50&Prime; gutter_size=\u00a0\u00bb3&Prime; shift_y=\u00a0\u00bb0&Prime; z_index=\u00a0\u00bb0&Prime;][vc_column_inner column_width_percent=\u00a0\u00bb100&Prime; gutter_size=\u00a0\u00bb2&Prime; overlay_alpha=\u00a0\u00bb50&Prime; shift_x=\u00a0\u00bb0&Prime; shift_y=\u00a0\u00bb0&Prime; shift_y_down=\u00a0\u00bb0&Prime; z_index=\u00a0\u00bb0&Prime; medium_width=\u00a0\u00bb0&Prime; mobile_width=\u00a0\u00bb0&Prime; width=\u00a0\u00bb8\/12&Prime; uncode_shortcode_id=\u00a0\u00bb845518&Prime;][vc_empty_space empty_h=\u00a0\u00bb4&Prime;][vc_custom_heading auto_text=\u00a0\u00bbyes\u00a0\u00bb text_color=\u00a0\u00bbcolor-210407&Prime; heading_semantic=\u00a0\u00bbh1&Prime; text_size=\u00a0\u00bbfontsize-160000&Prime; text_transform=\u00a0\u00bbuppercase\u00a0\u00bb text_space=\u00a0\u00bbfontspace-135905&Prime; sub_lead=\u00a0\u00bbyes\u00a0\u00bb sub_reduced=\u00a0\u00bbyes\u00a0\u00bb css_animation=\u00a0\u00bbcurtain\u00a0\u00bb text_align=\u00a0\u00bbtext-left\u00a0\u00bb text_serif=\u00a0\u00bbyes\u00a0\u00bb uncode_shortcode_id=\u00a0\u00bb633728&Prime; text_color_type=\u00a0\u00bbuncode-palette\u00a0\u00bb][\/vc_custom_heading][vc_custom_heading text_color=\u00a0\u00bbcolor-210407&Prime; text_size=\u00a0\u00bbfontsize-155944&Prime; sub_lead=\u00a0\u00bbyes\u00a0\u00bb css_animation=\u00a0\u00bbcurtain\u00a0\u00bb animation_delay=\u00a0\u00bb200&Prime; interval_animation=\u00a0\u00bb200&Prime; text_align=\u00a0\u00bbtext-left\u00a0\u00bb text_serif=\u00a0\u00bbyes\u00a0\u00bb uncode_shortcode_id=\u00a0\u00bb175630&Prime; text_color_type=\u00a0\u00bbuncode-palette\u00a0\u00bb]Nous sommes plus qu&rsquo;une ing\u00e9nierie[\/vc_custom_heading][\/vc_column_inner][vc_column_inner column_width_percent=\u00a0\u00bb100&Prime; gutter_size=\u00a0\u00bb3&Prime; overlay_alpha=\u00a0\u00bb50&Prime; shift_x=\u00a0\u00bb0&Prime; shift_y=\u00a0\u00bb0&Prime; shift_y_down=\u00a0\u00bb0&Prime; z_index=\u00a0\u00bb0&Prime; medium_width=\u00a0\u00bb0&Prime; mobile_width=\u00a0\u00bb0&Prime; width=\u00a0\u00bb4\/12&Prime;][\/vc_column_inner][\/vc_row_inner][\/vc_column][\/vc_row][vc_row row_height_percent=\u00a0\u00bb0&Prime; override_padding=\u00a0\u00bbyes\u00a0\u00bb h_padding=\u00a0\u00bb2&Prime; top_padding=\u00a0\u00bb0&Prime; bottom_padding=\u00a0\u00bb0&Prime; overlay_alpha=\u00a0\u00bb100&Prime; gutter_size=\u00a0\u00bb3&Prime; column_width_percent=\u00a0\u00bb100&Prime; shift_y=\u00a0\u00bb0&Prime; z_index=\u00a0\u00bb0&Prime; row_height_use_pixel=\u00a0\u00bb\u00a0\u00bb uncode_shortcode_id=\u00a0\u00bb119331&Prime;][vc_column column_width_percent=\u00a0\u00bb100&Prime; gutter_size=\u00a0\u00bb3&Prime; override_padding=\u00a0\u00bbyes\u00a0\u00bb column_padding=\u00a0\u00bb2&Prime; overlay_alpha=\u00a0\u00bb50&Prime; shift_x=\u00a0\u00bb0&Prime; shift_y=\u00a0\u00bb0&Prime; shift_y_down=\u00a0\u00bb0&Prime; z_index=\u00a0\u00bb0&Prime; medium_width=\u00a0\u00bb0&Prime; mobile_width=\u00a0\u00bb0&Prime; zoom_width=\u00a0\u00bb0&Prime; zoom_height=\u00a0\u00bb0&Prime; uncode_shortcode_id=\u00a0\u00bb454717&Prime;][vc_column_text uncode_shortcode_id=\u00a0\u00bb161772&Prime;]<strong>TecAIRE<\/strong> offre \u00e0 ses clients une s\u00e9rie de services pour <strong>garantir un bon service et une bonne exp\u00e9rience avec TecAIRE.<\/strong> De cette mani\u00e8re, proposez des solutions rapides et efficaces aux clients, quelle que soit leur localisation. En plus de notre large gamme de produits industriels, TecAIRE offre : des services d&rsquo;ing\u00e9nierie et de conception, d&rsquo;innovation et de R&amp;D, de conseil et d&rsquo;assistance technique pour toutes les installations.<\/p>\n<p>Pour garantir et fournir des solutions industrielles \u00e0 nos clients, nous disposons d&rsquo;une grande \u00e9quipe professionnelle d&rsquo;ing\u00e9nieurs, de techniciens et d&rsquo;op\u00e9rateurs. Les services de TecAIRE comprennent l&rsquo;innovation et la R&amp;D, qui sont consacr\u00e9es au d\u00e9veloppement et \u00e0 l&rsquo;am\u00e9lioration des solutions technologiques que nous fournissons avec nos produits pour le traitement du caf\u00e9, du cacao et des \u00e9pices pour le secteur alimentaire.[\/vc_column_text][uncode_index el_id=\u00a0\u00bbindex-537495863&Prime; loop=\u00a0\u00bbsize:9|order_by:date|order:ASC|post_type:page|by_id:109977,109974,109971,109824|taxonomy_count:10&Prime; screen_lg=\u00a0\u00bb1000&Prime; screen_md=\u00a0\u00bb600&Prime; screen_sm=\u00a0\u00bb480&Prime; gutter_size=\u00a0\u00bb2&Prime; post_items=\u00a0\u00bbmedia|featured|onpost|poster,date,title,text|excerpt|90,category|bordered|topright|hide-icon,sep-one|full,extra\u00a0\u00bb page_items=\u00a0\u00bbmedia|featured|onpost|original,title,link|link|small_size|Ver mas\u00a0\u00bb productos_items=\u00a0\u00bbmedia|featured|onpost|original,title,text|excerpt\u00a0\u00bb single_text=\u00a0\u00bboverlay\u00a0\u00bb single_width=\u00a0\u00bb3&Prime; images_size=\u00a0\u00bbthree-two\u00a0\u00bb single_shape=\u00a0\u00bbround\u00a0\u00bb radius=\u00a0\u00bbstd\u00a0\u00bb single_overlay_color=\u00a0\u00bbcolor-210407&Prime; single_overlay_opacity=\u00a0\u00bb40&Prime; single_overlay_visible=\u00a0\u00bbyes\u00a0\u00bb single_text_visible=\u00a0\u00bbyes\u00a0\u00bb single_h_align=\u00a0\u00bbcenter\u00a0\u00bb single_padding=\u00a0\u00bb0&Prime; single_title_family=\u00a0\u00bbfont-584507&Prime; single_title_dimension=\u00a0\u00bbh2&Prime; single_title_weight=\u00a0\u00bb700&Prime; single_title_height=\u00a0\u00bbfontheight-179065&Prime; single_shadow=\u00a0\u00bbyes\u00a0\u00bb shadow_weight=\u00a0\u00bbsm\u00a0\u00bb single_css_animation=\u00a0\u00bbbottom-t-top\u00a0\u00bb uncode_shortcode_id=\u00a0\u00bb103623&Prime;][\/vc_column][\/vc_row]<\/p>\n<\/div>","protected":false},"excerpt":{"rendered":"<p>[vc_row row_height_percent=\u00a0\u00bb0&Prime; override_padding=\u00a0\u00bbyes\u00a0\u00bb h_padding=\u00a0\u00bb5&Prime; top_padding=\u00a0\u00bb5&Prime; bottom_padding=\u00a0\u00bb3&Prime; back_color=\u00a0\u00bbcolor-xsdn\u00a0\u00bb back_image=\u00a0\u00bb109552&Prime; back_position=\u00a0\u00bbcenter center\u00a0\u00bb overlay_alpha=\u00a0\u00bb50&Prime; gutter_size=\u00a0\u00bb0&Prime; column_width_percent=\u00a0\u00bb100&Prime; shift_y=\u00a0\u00bb0&Prime; z_index=\u00a0\u00bb0&Prime; top_divider=\u00a0\u00bbstep_1_2&Prime; uncode_shortcode_id=\u00a0\u00bb538206&Prime; back_color_type=\u00a0\u00bbuncode-palette\u00a0\u00bb back_size=\u00a0\u00bbcover\u00a0\u00bb][vc_column column_width_percent=\u00a0\u00bb100&Prime; [&hellip;]<\/p>\n","protected":false},"author":1,"featured_media":110277,"parent":0,"menu_order":0,"comment_status":"closed","ping_status":"closed","template":"","meta":{"footnotes":""},"class_list":["post-110496","page","type-page","status-publish","has-post-thumbnail","hentry","page_category-produits"],"yoast_head":"<!-- This site is optimized with the Yoast SEO plugin v27.4 - https:\/\/yoast.com\/product\/yoast-seo-wordpress\/ -->\n<title>TecAIRE | Prestations de service<\/title>\n<meta name=\"description\" content=\"A TecAIRE, nous offrons diff\u00e9rents services \u00e0 nos clients : ing\u00e9nierie, conception, innovation, R&amp;D, conseil et service d&#039;assistance technique.\" \/>\n<meta name=\"robots\" content=\"index, follow, max-snippet:-1, max-image-preview:large, max-video-preview:-1\" \/>\n<link rel=\"canonical\" href=\"https:\/\/tecaire.com\/fr\/services\/\" \/>\n<meta property=\"og:locale\" content=\"fr_FR\" \/>\n<meta property=\"og:type\" content=\"article\" \/>\n<meta property=\"og:title\" content=\"TecAIRE | Prestations de service\" \/>\n<meta property=\"og:description\" content=\"A TecAIRE, nous offrons diff\u00e9rents services \u00e0 nos clients : ing\u00e9nierie, conception, innovation, R&amp;D, conseil et service d&#039;assistance technique.\" \/>\n<meta property=\"og:url\" content=\"https:\/\/tecaire.com\/fr\/services\/\" \/>\n<meta property=\"og:site_name\" content=\"TecAIRE\" \/>\n<meta property=\"article:modified_time\" content=\"2023-02-10T12:37:18+00:00\" \/>\n<meta property=\"og:image\" content=\"https:\/\/tecaire.com\/wp-content\/uploads\/2022\/07\/tecaire-servicios-ingenieria.jpg\" \/>\n\t<meta property=\"og:image:width\" content=\"1000\" \/>\n\t<meta property=\"og:image:height\" content=\"666\" \/>\n\t<meta property=\"og:image:type\" content=\"image\/jpeg\" \/>\n<meta name=\"twitter:card\" content=\"summary_large_image\" \/>\n<meta name=\"twitter:label1\" content=\"Dur\u00e9e de lecture estim\u00e9e\" \/>\n\t<meta name=\"twitter:data1\" content=\"3 minutes\" \/>\n<script type=\"application\/ld+json\" class=\"yoast-schema-graph\">{\"@context\":\"https:\\\/\\\/schema.org\",\"@graph\":[{\"@type\":\"WebPage\",\"@id\":\"https:\\\/\\\/tecaire.com\\\/fr\\\/services\\\/\",\"url\":\"https:\\\/\\\/tecaire.com\\\/fr\\\/services\\\/\",\"name\":\"TecAIRE | Prestations de service\",\"isPartOf\":{\"@id\":\"https:\\\/\\\/tecaire.com\\\/fr\\\/#website\"},\"primaryImageOfPage\":{\"@id\":\"https:\\\/\\\/tecaire.com\\\/fr\\\/services\\\/#primaryimage\"},\"image\":{\"@id\":\"https:\\\/\\\/tecaire.com\\\/fr\\\/services\\\/#primaryimage\"},\"thumbnailUrl\":\"https:\\\/\\\/tecaire.com\\\/wp-content\\\/uploads\\\/2022\\\/07\\\/tecaire-servicios-ingenieria.jpg\",\"datePublished\":\"2022-07-27T09:01:07+00:00\",\"dateModified\":\"2023-02-10T12:37:18+00:00\",\"description\":\"A TecAIRE, nous offrons diff\u00e9rents services \u00e0 nos clients : ing\u00e9nierie, conception, innovation, R&D, conseil et service d'assistance technique.\",\"breadcrumb\":{\"@id\":\"https:\\\/\\\/tecaire.com\\\/fr\\\/services\\\/#breadcrumb\"},\"inLanguage\":\"fr-FR\",\"potentialAction\":[{\"@type\":\"ReadAction\",\"target\":[\"https:\\\/\\\/tecaire.com\\\/fr\\\/services\\\/\"]}]},{\"@type\":\"ImageObject\",\"inLanguage\":\"fr-FR\",\"@id\":\"https:\\\/\\\/tecaire.com\\\/fr\\\/services\\\/#primaryimage\",\"url\":\"https:\\\/\\\/tecaire.com\\\/wp-content\\\/uploads\\\/2022\\\/07\\\/tecaire-servicios-ingenieria.jpg\",\"contentUrl\":\"https:\\\/\\\/tecaire.com\\\/wp-content\\\/uploads\\\/2022\\\/07\\\/tecaire-servicios-ingenieria.jpg\",\"width\":1000,\"height\":666,\"caption\":\"ing\u00e9nierie tecaire\"},{\"@type\":\"BreadcrumbList\",\"@id\":\"https:\\\/\\\/tecaire.com\\\/fr\\\/services\\\/#breadcrumb\",\"itemListElement\":[{\"@type\":\"ListItem\",\"position\":1,\"name\":\"Portada\",\"item\":\"https:\\\/\\\/tecaire.com\\\/fr\\\/\"},{\"@type\":\"ListItem\",\"position\":2,\"name\":\"Prestations de service\"}]},{\"@type\":\"WebSite\",\"@id\":\"https:\\\/\\\/tecaire.com\\\/fr\\\/#website\",\"url\":\"https:\\\/\\\/tecaire.com\\\/fr\\\/\",\"name\":\"TecAIRE\",\"description\":\"Processing Specialist for Coffee and Coccoa\",\"publisher\":{\"@id\":\"https:\\\/\\\/tecaire.com\\\/fr\\\/#organization\"},\"potentialAction\":[{\"@type\":\"SearchAction\",\"target\":{\"@type\":\"EntryPoint\",\"urlTemplate\":\"https:\\\/\\\/tecaire.com\\\/fr\\\/?s={search_term_string}\"},\"query-input\":{\"@type\":\"PropertyValueSpecification\",\"valueRequired\":true,\"valueName\":\"search_term_string\"}}],\"inLanguage\":\"fr-FR\"},{\"@type\":\"Organization\",\"@id\":\"https:\\\/\\\/tecaire.com\\\/fr\\\/#organization\",\"name\":\"Neocaf\u00e9 Engineering S.L.\",\"url\":\"https:\\\/\\\/tecaire.com\\\/fr\\\/\",\"logo\":{\"@type\":\"ImageObject\",\"inLanguage\":\"fr-FR\",\"@id\":\"https:\\\/\\\/tecaire.com\\\/fr\\\/#\\\/schema\\\/logo\\\/image\\\/\",\"url\":\"https:\\\/\\\/tecaire.com\\\/wp-content\\\/uploads\\\/2022\\\/06\\\/tecaire-logo-sticky.svg\",\"contentUrl\":\"https:\\\/\\\/tecaire.com\\\/wp-content\\\/uploads\\\/2022\\\/06\\\/tecaire-logo-sticky.svg\",\"width\":164043457,\"height\":4600004883,\"caption\":\"Neocaf\u00e9 Engineering S.L.\"},\"image\":{\"@id\":\"https:\\\/\\\/tecaire.com\\\/fr\\\/#\\\/schema\\\/logo\\\/image\\\/\"},\"sameAs\":[\"https:\\\/\\\/www.linkedin.com\\\/company\\\/www.tecaire.com\\\/\"]}]}<\/script>\n<!-- \/ Yoast SEO plugin. -->","yoast_head_json":{"title":"TecAIRE | Prestations de service","description":"A TecAIRE, nous offrons diff\u00e9rents services \u00e0 nos clients : ing\u00e9nierie, conception, innovation, R&D, conseil et service d'assistance technique.","robots":{"index":"index","follow":"follow","max-snippet":"max-snippet:-1","max-image-preview":"max-image-preview:large","max-video-preview":"max-video-preview:-1"},"canonical":"https:\/\/tecaire.com\/fr\/services\/","og_locale":"fr_FR","og_type":"article","og_title":"TecAIRE | Prestations de service","og_description":"A TecAIRE, nous offrons diff\u00e9rents services \u00e0 nos clients : ing\u00e9nierie, conception, innovation, R&D, conseil et service d'assistance technique.","og_url":"https:\/\/tecaire.com\/fr\/services\/","og_site_name":"TecAIRE","article_modified_time":"2023-02-10T12:37:18+00:00","og_image":[{"width":1000,"height":666,"url":"https:\/\/tecaire.com\/wp-content\/uploads\/2022\/07\/tecaire-servicios-ingenieria.jpg","type":"image\/jpeg"}],"twitter_card":"summary_large_image","twitter_misc":{"Dur\u00e9e de lecture estim\u00e9e":"3 minutes"},"schema":{"@context":"https:\/\/schema.org","@graph":[{"@type":"WebPage","@id":"https:\/\/tecaire.com\/fr\/services\/","url":"https:\/\/tecaire.com\/fr\/services\/","name":"TecAIRE | Prestations de service","isPartOf":{"@id":"https:\/\/tecaire.com\/fr\/#website"},"primaryImageOfPage":{"@id":"https:\/\/tecaire.com\/fr\/services\/#primaryimage"},"image":{"@id":"https:\/\/tecaire.com\/fr\/services\/#primaryimage"},"thumbnailUrl":"https:\/\/tecaire.com\/wp-content\/uploads\/2022\/07\/tecaire-servicios-ingenieria.jpg","datePublished":"2022-07-27T09:01:07+00:00","dateModified":"2023-02-10T12:37:18+00:00","description":"A TecAIRE, nous offrons diff\u00e9rents services \u00e0 nos clients : ing\u00e9nierie, conception, innovation, R&D, conseil et service d'assistance technique.","breadcrumb":{"@id":"https:\/\/tecaire.com\/fr\/services\/#breadcrumb"},"inLanguage":"fr-FR","potentialAction":[{"@type":"ReadAction","target":["https:\/\/tecaire.com\/fr\/services\/"]}]},{"@type":"ImageObject","inLanguage":"fr-FR","@id":"https:\/\/tecaire.com\/fr\/services\/#primaryimage","url":"https:\/\/tecaire.com\/wp-content\/uploads\/2022\/07\/tecaire-servicios-ingenieria.jpg","contentUrl":"https:\/\/tecaire.com\/wp-content\/uploads\/2022\/07\/tecaire-servicios-ingenieria.jpg","width":1000,"height":666,"caption":"ing\u00e9nierie tecaire"},{"@type":"BreadcrumbList","@id":"https:\/\/tecaire.com\/fr\/services\/#breadcrumb","itemListElement":[{"@type":"ListItem","position":1,"name":"Portada","item":"https:\/\/tecaire.com\/fr\/"},{"@type":"ListItem","position":2,"name":"Prestations de service"}]},{"@type":"WebSite","@id":"https:\/\/tecaire.com\/fr\/#website","url":"https:\/\/tecaire.com\/fr\/","name":"TecAIRE","description":"Processing Specialist for Coffee and Coccoa","publisher":{"@id":"https:\/\/tecaire.com\/fr\/#organization"},"potentialAction":[{"@type":"SearchAction","target":{"@type":"EntryPoint","urlTemplate":"https:\/\/tecaire.com\/fr\/?s={search_term_string}"},"query-input":{"@type":"PropertyValueSpecification","valueRequired":true,"valueName":"search_term_string"}}],"inLanguage":"fr-FR"},{"@type":"Organization","@id":"https:\/\/tecaire.com\/fr\/#organization","name":"Neocaf\u00e9 Engineering S.L.","url":"https:\/\/tecaire.com\/fr\/","logo":{"@type":"ImageObject","inLanguage":"fr-FR","@id":"https:\/\/tecaire.com\/fr\/#\/schema\/logo\/image\/","url":"https:\/\/tecaire.com\/wp-content\/uploads\/2022\/06\/tecaire-logo-sticky.svg","contentUrl":"https:\/\/tecaire.com\/wp-content\/uploads\/2022\/06\/tecaire-logo-sticky.svg","width":164043457,"height":4600004883,"caption":"Neocaf\u00e9 Engineering S.L."},"image":{"@id":"https:\/\/tecaire.com\/fr\/#\/schema\/logo\/image\/"},"sameAs":["https:\/\/www.linkedin.com\/company\/www.tecaire.com\/"]}]}},"_links":{"self":[{"href":"https:\/\/tecaire.com\/fr\/wp-json\/wp\/v2\/pages\/110496","targetHints":{"allow":["GET"]}}],"collection":[{"href":"https:\/\/tecaire.com\/fr\/wp-json\/wp\/v2\/pages"}],"about":[{"href":"https:\/\/tecaire.com\/fr\/wp-json\/wp\/v2\/types\/page"}],"author":[{"embeddable":true,"href":"https:\/\/tecaire.com\/fr\/wp-json\/wp\/v2\/users\/1"}],"replies":[{"embeddable":true,"href":"https:\/\/tecaire.com\/fr\/wp-json\/wp\/v2\/comments?post=110496"}],"version-history":[{"count":9,"href":"https:\/\/tecaire.com\/fr\/wp-json\/wp\/v2\/pages\/110496\/revisions"}],"predecessor-version":[{"id":111412,"href":"https:\/\/tecaire.com\/fr\/wp-json\/wp\/v2\/pages\/110496\/revisions\/111412"}],"wp:featuredmedia":[{"embeddable":true,"href":"https:\/\/tecaire.com\/fr\/wp-json\/wp\/v2\/media\/110277"}],"wp:attachment":[{"href":"https:\/\/tecaire.com\/fr\/wp-json\/wp\/v2\/media?parent=110496"}],"curies":[{"name":"wp","href":"https:\/\/api.w.org\/{rel}","templated":true}]}}